{"id":104,"date":"2011-01-08T22:32:23","date_gmt":"2011-01-09T03:32:23","guid":{"rendered":"https:\/\/christianediting.com\/?page_id=104"},"modified":"2020-08-29T10:32:45","modified_gmt":"2020-08-29T14:32:45","slug":"premio-relato-cristiano","status":"publish","type":"page","link":"https:\/\/christianediting.com\/?page_id=104","title":{"rendered":"CONCURSOS"},"content":{"rendered":"<p style=\"text-align: center;\"><em><strong><a href=\"https:\/\/christianediting.com\/wp-content\/uploads\/2011\/01\/Premio-Relato-Cristiano3.jpg\"><img loading=\"lazy\" decoding=\"async\" class=\"aligncenter size-full wp-image-294\" title=\"Premio Relato Cristiano\" src=\"https:\/\/christianediting.com\/wp-content\/uploads\/2011\/01\/Premio-Relato-Cristiano3.jpg\" alt=\"\" width=\"240\" height=\"149\" \/><\/a><\/strong><\/em><\/p>\n<p style=\"text-align: center;\"><em><strong>En busca de las cinco mejores narraciones del a\u00f1o.<\/strong><\/em><\/p>\n<p>En <strong>Christian Editing<\/strong> estamos muy entusiasmados con la convocatoria anual al <strong>Premio Relato Cristiano<\/strong>, un concurso literario encaminado a obtener un volumen con los 5 mejores relatos de inspiraci\u00f3n cristiana escritos por autores de lengua castellana.<\/p>\n<p>El <strong>Premio Relato Cristiano<\/strong> consiste en la publicaci\u00f3n en un tomo de las 5 obras ganadoras y otros est\u00edmulos por parte de patrocinadores.<\/p>\n<p>Estamos convencidos del \u00e9xito que de inmediato tendr\u00e1 un libro semejante, promocionado desde el primer momento a trav\u00e9s de este proyecto.<\/p>\n<p>Los materiales finalistas servir\u00e1n como sugerencias de publicaci\u00f3n, o para eventualmente tener en cuenta a sus autores en futuras ediciones. Lo que est\u00e1 pasando ahora mismo en este sentido es que las editoriales cristianas tradicionales trabajan de cierto modo a ciegas, con compromisos extra literarios o mediante traducciones del ingl\u00e9s. El concurso, entendido como fuente de informaci\u00f3n de temas y autores,\u00a0es algo revolucionario y una herramienta poderosa.<\/p>\n<p><strong>Christian Editing<\/strong> ha acumulado una gran experiencia en el trato con autores y en la organizaci\u00f3n de concursos literarios cristianos.<\/p>\n<p><strong>Christian Editing<\/strong>, con sus programas de publicaci\u00f3n para autores y ministerios y sus concursos literarios, tiene hoy por hoy la mayor red de relaci\u00f3n con escritores evang\u00e9licos hispanoamericanos, lo que constituye una apreciable fuente de nuevos autores y temas.<\/p>\n<p><strong>Objetivos<\/strong><br \/>\n&#8211; El <strong>Premio Relato Cristiano<\/strong> se propone publicar en un tomo los 5 mejores relatos de ficci\u00f3n o testimoniales presentados a concurso.<br \/>\n&#8211; Tiene como objetivo el fomento de la literatura de inspiraci\u00f3n cristiana.<br \/>\n&#8211; La promoci\u00f3n de nuevos escritores cristianos de lengua castellana.<br \/>\n&#8211; El desarrollo del testimonio y la ficci\u00f3n literaria cristiana como g\u00e9neros literarios evangel\u00edsticos.<\/p>\n<p><strong>Argumentaci\u00f3n<\/strong><br \/>\nComo g\u00e9neros literarios, tanto el relato corto de ficci\u00f3n como el testimonio cristiano han estado de cierta forma subestimados por las editoriales, a pesar de su gran potencial de participaci\u00f3n por parte de escritores en desarrollo y del atractivo que tiene para los lectores en general el cuento literario y los relatos de experiencias de fe.<\/p>\n<p>Creemos que <strong>Premio Relato<\/strong> <strong>Cristiano<\/strong> sin dudas constituir\u00e1 una hist\u00f3rica convocatoria en pro del avance de la literatura evang\u00e9lica.<\/p>\n<p>En <strong>Christian Editing<\/strong> hemos podido comprobar que la novela y el ensayo cristiano en espa\u00f1ol son todav\u00eda g\u00e9neros muy exclusivos de escritores experimentados. Sin embargo, son extraordinarias las historias y experiencias de fe que el pueblo cristiano y sus l\u00edderes pueden contar, en un g\u00e9nero con un potencial tremendo de participaci\u00f3n por parte de cristianos que no son escritores propiamente dichos pero que tienen en el tintero un interesante relato personal de conversi\u00f3n, de experiencia de fe, sanaci\u00f3n, etc., y donde hay tambi\u00e9n mucho margen para el vuelo de la creaci\u00f3n literaria.<\/p>\n<p>La capacidad de convocatoria que hemos logrado entre la comunidad cristiana interesada en la literatura nos permite pensar que esta invitaci\u00f3n ser\u00e1 todo un \u00e9xito.<\/p>\n<p><strong>NOTA<\/strong>: TENGA PRESENTE QUE NO TENEMOS TODAVIA UNA CONVOCATORIA PARA EL 2020. MANTENGASE INFORMADO.<\/p>\n","protected":false},"excerpt":{"rendered":"<p>En busca de las cinco mejores narraciones del a\u00f1o. En Christian Editing estamos muy entusiasmados con la convocatoria anual al Premio Relato Cristiano, un concurso literario encaminado a obtener un volumen con los 5 mejores relatos de inspiraci\u00f3n cristiana escritos por autores de lengua castellana. El Premio Relato Cristiano consiste en la publicaci\u00f3n en un&hellip;<\/p>\n","protected":false},"author":1,"featured_media":0,"parent":0,"menu_order":3,"comment_status":"open","ping_status":"open","template":"","meta":{"om_disable_all_campaigns":false,"_exactmetrics_skip_tracking":false,"_exactmetrics_sitenote_active":false,"_exactmetrics_sitenote_note":"","_exactmetrics_sitenote_category":0,"_monsterinsights_skip_tracking":false,"_monsterinsights_sitenote_active":false,"_monsterinsights_sitenote_note":"","_monsterinsights_sitenote_category":0,"footnotes":""},"class_list":["post-104","page","type-page","status-publish","hentry","no-post-thumbnail","entry"],"aioseo_notices":[],"_links":{"self":[{"href":"https:\/\/christianediting.com\/index.php?rest_route=\/wp\/v2\/pages\/104","targetHints":{"allow":["GET"]}}],"collection":[{"href":"https:\/\/christianediting.com\/index.php?rest_route=\/wp\/v2\/pages"}],"about":[{"href":"https:\/\/christianediting.com\/index.php?rest_route=\/wp\/v2\/types\/page"}],"author":[{"embeddable":true,"href":"https:\/\/christianediting.com\/index.php?rest_route=\/wp\/v2\/users\/1"}],"replies":[{"embeddable":true,"href":"https:\/\/christianediting.com\/index.php?rest_route=%2Fwp%2Fv2%2Fcomments&post=104"}],"version-history":[{"count":1,"href":"https:\/\/christianediting.com\/index.php?rest_route=\/wp\/v2\/pages\/104\/revisions"}],"predecessor-version":[{"id":4869,"href":"https:\/\/christianediting.com\/index.php?rest_route=\/wp\/v2\/pages\/104\/revisions\/4869"}],"wp:attachment":[{"href":"https:\/\/christianediting.com\/index.php?rest_route=%2Fwp%2Fv2%2Fmedia&parent=104"}],"curies":[{"name":"wp","href":"https:\/\/api.w.org\/{rel}","templated":true}]}}