{"id":1281,"date":"2012-01-02T10:56:04","date_gmt":"2012-01-02T15:56:04","guid":{"rendered":"https:\/\/christianediting.com\/?page_id=1281"},"modified":"2017-08-20T13:21:54","modified_gmt":"2017-08-20T17:21:54","slug":"convocatoria-2012","status":"publish","type":"page","link":"https:\/\/christianediting.com\/?page_id=1281","title":{"rendered":"Convocatoria 2012"},"content":{"rendered":"<p style=\"text-align: center;\"><strong><a href=\"https:\/\/christianediting.com\/wp-content\/uploads\/2011\/01\/Premio-Relato-Cristiano4.jpg\"><img loading=\"lazy\" decoding=\"async\" class=\"aligncenter size-full wp-image-296\" title=\"Premio Relato Cristiano\" src=\"https:\/\/christianediting.com\/wp-content\/uploads\/2011\/01\/Premio-Relato-Cristiano4.jpg\" alt=\"\" width=\"240\" height=\"149\" \/><\/a><\/strong><\/p>\n<p style=\"text-align: center;\"><strong>Premio Relato Cristiano<br \/>\n<\/strong><em>En busca de las cinco mejores narraciones del a\u00f1o.<\/em><\/p>\n<p style=\"text-align: center;\"><strong>BASES 2012<\/strong><\/p>\n<p>Convencidos de que la literatura es un excelente medio para comunicar los valores cristianos, b\u00edblicos y del evangelio de Jes\u00fas, la editorial CHRISTIAN EDITING convoca al Premio Relato Cristiano.<\/p>\n<p>El <strong>Premio Relato Cristiano<\/strong> tiene como objetivos el fomento de la literatura de inspiraci\u00f3n cristiana, la promoci\u00f3n de nuevos escritores cristianos de lengua\u00a0castellana y el desarrollo del testimonio y la ficci\u00f3n literaria cristiana como g\u00e9neros literarios evangel\u00edsticos.<\/p>\n<p>El <strong>Premio Relato Cristiano<\/strong> tendr\u00e1 un alcance internacional y se convocar\u00e1 anualmente, bajo las siguientes BASES para la edici\u00f3n del 2012:<\/p>\n<p><strong>1<\/strong>. El Premio consistir\u00e1 en la publicaci\u00f3n en un tomo de las cinco mejores narraciones de inspiraci\u00f3n cristiana y estar\u00e1 dotado de Premios Especiales y otros est\u00edmulos de parte de patrocinadores. El Jurado podr\u00e1 recomendar la publicaci\u00f3n de otras obras finalistas.<\/p>\n<p><strong>2<\/strong>. El libro con las obras premiadas ser\u00e1 publicado y comercializado tanto en el formato tradicional de libro impreso en papel como, eventualmente,\u00a0en el formato de libro electr\u00f3nico (<em>ebook<\/em>).<\/p>\n<p><strong>3<\/strong>. Dotado con US $500 de est\u00edmulo, el <a href=\"http:\/\/www.sembrandosemilla.org\/\" target=\"_blank\">Ministerio Sembrando Semilla de Dios <\/a>otorgar\u00e1 en la presente convocatoria el <strong>Premio Especial \u201cSemilla de Dios\u201d <\/strong>a uno de los relatos ganadores.<\/p>\n<p><strong>4<\/strong>. Dotado con US $500 de est\u00edmulo, la <a href=\"http:\/\/diazpabon.com\/\" target=\"_blank\">Sociedad Misionera Global <\/a>otorgar\u00e1 en la presente convocatoria el <strong>Premio Especial \u201cBiblia del Pescador\u201d <\/strong>a uno de los relatos ganadores.<\/p>\n<p><strong>5<\/strong>. Podr\u00e1n presentarse al Premio obras que se ajusten al concepto com\u00fanmente aceptado de narrativa de ficci\u00f3n, enmarcadas en g\u00e9neros particulares como el relato, el cuento o el testimonio, cuyos enfoques y valores resultantes est\u00e9n acordes con los principios de la fe cristiana y atendiendo a que las obras est\u00e9n escritas en castellano, sean originales, in\u00e9ditas y no hayan sido premiada en ning\u00fan otro concurso.<\/p>\n<p><strong>6<\/strong>. Podr\u00e1n participar en el <strong>Premio Relato Cristiano<\/strong> con una o m\u00e1s obras todos los escritores que lo deseen, cualquiera que sea su nacionalidad o procedencia.<\/p>\n<p><strong>7<\/strong>. La obra concursante deber\u00e1 tener una extensi\u00f3n m\u00ednima de 7,000 palabras y una extensi\u00f3n m\u00e1xima de 14,000 palabras, presentadas en un formato de texto digital.<\/p>\n<p><strong>8<\/strong>. La obra concursante podr\u00e1 enviarse a CHRISTIAN EDITING en un archivo digital de texto anexado a un correo electr\u00f3nico, preferentemente en <em>Word<\/em>.<\/p>\n<p><strong>9<\/strong>. Cada original deber\u00e1 incluir una nota aceptando expresamente las bases y condiciones de este concurso, con los nombres y apellidos del autor, direcci\u00f3n de domicilio, tel\u00e9fono de contacto, correo electr\u00f3nico y otros datos personales y de identidad que considere adecuados. No se mantendr\u00e1 correspondencia con los remitentes ni se facilitar\u00e1 informaci\u00f3n alguna relativa al seguimiento del Premio, aunque eventualmente podr\u00e1 ped\u00edrsele datos o pruebas de su identidad adicionales.<\/p>\n<p><strong>10<\/strong>. Los originales podr\u00e1n enviarse por correo electr\u00f3nico a <a href=\"mailto:PremioRelatoCristiano@ChristianEditing.com\">PremioRelatoCristiano@ChristianEditing.com<\/a><\/p>\n<p><strong>11<\/strong>. Una vez hecho p\u00fablico el fallo del Premio, los originales no premiados y sus copias ser\u00e1n destruidos, sin posibilidad de reclamaci\u00f3n alguna por parte de sus remitentes. La entidad organizadora del Premio no se hace responsable de las posibles p\u00e9rdidas o deterioros de los originales, ni de los retrasos o cualquier otra circunstancia imputable a correos o a terceros que pueda afectar los env\u00edos de las obras participantes.<\/p>\n<p><strong>12<\/strong>. El plazo de admisi\u00f3n de originales cerrar\u00e1 el 10 de octubre de 2012.<\/p>\n<p><strong>13<\/strong>. El Jurado estar\u00e1 compuesto por destacadas personalidades del ministerio, la literatura y la industria editorial cristiana. La composici\u00f3n del Jurado se har\u00e1 p\u00fablica oportunamente.<\/p>\n<p><strong>14<\/strong>. Una comisi\u00f3n de lectura realizar\u00e1 la clasificaci\u00f3n y evaluaci\u00f3n primaria de todas las obras enviadas al concurso y someter\u00e1 al Jurado las 15 que considere mejores.<\/p>\n<p><strong>15<\/strong>. El <strong>Premio Relato Cristiano<\/strong> se otorgar\u00e1 a aquellas obras de las presentadas que por unanimidad o, en su defecto, por mayor\u00eda de votos del Jurado se consideren merecedoras del galard\u00f3n, y podr\u00e1 ser declarado desierto parcialmente o en su totalidad.<\/p>\n<p><strong>16<\/strong>. El fallo del Jurado ser\u00e1 inapelable y se har\u00e1 p\u00fablico a los medios de prensa mediante comunicado en noviembre de 2012.<\/p>\n<p><strong>17<\/strong>. El libro con las obras premiadas ser\u00e1 producido por CHRISTIAN EDITING, que lo publicar\u00e1 y comercializar\u00e1.<\/p>\n<p><strong>18<\/strong>. Los autores de las obras ganadoras ceden a CHRISTIAN EDITING el derecho exclusivo de explotaci\u00f3n de su obra en cualquier forma y en todas sus modalidades, para todo el mundo. Esta cesi\u00f3n de derechos es por el plazo m\u00e1ximo de duraci\u00f3n que establece la legislaci\u00f3n aplicable al respecto y en ning\u00fan caso menor de tres a\u00f1os.<\/p>\n<p><strong>19<\/strong>. Entre los derechos reconocidos a CHRISTIAN EDITING se entender\u00e1n comprendidas todas las modalidades de producci\u00f3n de las obras ganadoras (r\u00fastica, tapa dura, bolsillo, fasc\u00edculos, reproducci\u00f3n parcial en pre y post publicaciones, reproducci\u00f3n impresa en publicaciones peri\u00f3dicas, antolog\u00edas, libros escolares y otras ediciones especiales sean o no promocionales, impresi\u00f3n a demanda, etc\u00e9tera). Tambi\u00e9n se entender\u00e1n comprendidos los derechos de reproducci\u00f3n, distribuci\u00f3n y comunicaci\u00f3n p\u00fablica (en todas sus modalidades) de la obra en versiones electr\u00f3nicas (incluidas las versiones multimedia y las redes inform\u00e1ticas de comunicaci\u00f3n), en cualquier soporte electr\u00f3nico en su m\u00e1s amplio sentido, pudiendo transmitirla a trav\u00e9s de Internet y otras redes inform\u00e1ticas y de telecomunicaciones y permitiendo a terceros su reproducci\u00f3n y\/o almacenamiento, as\u00ed como el derecho de transformaci\u00f3n y adaptaci\u00f3n de las obras en cualquier modalidad de obra audiovisual (cinematogr\u00e1fica, televisiva, v\u00eddeo, etc\u00e9tera). Quedan tambi\u00e9n reservados en exclusiva a la entidad convocante los derechos de traducci\u00f3n para la edici\u00f3n en todos los idiomas, el derecho a publicar las obras por cualquier sociedad del grupo empresarial al que la editorial pertenece y la posibilidad de cesi\u00f3n a terceros. La editorial podr\u00e1 realizar cuantas ediciones decida de las obras.<\/p>\n<p><strong>20<\/strong>. Los autores de las obras ganadoras quedan obligados a suscribir cuantos contratos y documentos sean necesarios para la protecci\u00f3n de los derechos de explotaci\u00f3n cedidos y para la inscripci\u00f3n de las obras en los registros de la propiedad intelectual de los pa\u00edses donde sea comercializada. De no formalizarse un contrato por cualquier circunstancia, el contenido de las presentes bases tendr\u00e1 la consideraci\u00f3n de contrato de cesi\u00f3n de derechos entre la editorial convocante y los ganadores. Los importes en efectivo del Premio retribuyen todos los derechos de explotaci\u00f3n de las obras premiadas en cualquier forma y modalidad hasta cubrir su totalidad, percibiendo los autores, una vez superada esta cifra, el porcentaje que se fije en contrato.<\/p>\n<p><strong>21<\/strong>. La entidad convocante se reserva, durante un plazo de 90 d\u00edas a partir del d\u00eda en que se haga p\u00fablico el fallo del Jurado, un derecho de adquisici\u00f3n preferente para la publicaci\u00f3n de cualquier obra presentada al concurso que, no habiendo alcanzado el Premio, sea considerada de inter\u00e9s, previa suscripci\u00f3n de un contrato de publicaci\u00f3n con los autores respectivos.<\/p>\n<p><strong>22<\/strong>. El concursante autoriza expresamente a la entidad convocante a utilizar con fines publicitarios su nombre y su imagen como participante en el Premio, as\u00ed como a publicar una rese\u00f1a o un fragmento de su obra en la p\u00e1gina web de CHRISTIAN EDITING.<\/p>\n<p><strong>23<\/strong>. La participaci\u00f3n en el <strong>Premio Relato Cristiano<\/strong> implica de forma autom\u00e1tica la plena y total aceptaci\u00f3n, sin reservas, de las presentes bases.<\/p>\n<p>Creemos que el <strong>Premio Relato Cristiano<\/strong> constituir\u00e1 una hist\u00f3rica convocatoria para el avance de la literatura evang\u00e9lica.<\/p>\n<p>CHRISTIAN EDITING<br \/>\n<em>Convocatoria dada en Miami, Florida, USA, enero 2012.<\/em><\/p>\n<p>&nbsp;<\/p>\n<p>Estamos en <a href=\"http:\/\/www.facebook.com\/pages\/Premio-Relato-Cristiano\/213557632053446?sk=wall\" target=\"_blank\">facebook.<\/a><\/p>\n<p>\u2022 <a href=\"https:\/\/christianediting.com\/?cat=14\">Algunos fragmentos de obras concursantes en el PRC-2011<\/a><br \/>\n<a href=\"https:\/\/christianediting.com\/?page_id=110\" target=\"_self\"> \u2022 Patrocinadores<\/a><\/p>\n","protected":false},"excerpt":{"rendered":"<p>Premio Relato Cristiano En busca de las cinco mejores narraciones del a\u00f1o. BASES 2012 Convencidos de que la literatura es un excelente medio para comunicar los valores cristianos, b\u00edblicos y del evangelio de Jes\u00fas, la editorial CHRISTIAN EDITING convoca al Premio Relato Cristiano. El Premio Relato Cristiano tiene como objetivos el fomento de la literatura&hellip;<\/p>\n","protected":false},"author":1,"featured_media":0,"parent":104,"menu_order":4,"comment_status":"open","ping_status":"open","template":"","meta":{"om_disable_all_campaigns":false,"_exactmetrics_skip_tracking":false,"_exactmetrics_sitenote_active":false,"_exactmetrics_sitenote_note":"","_exactmetrics_sitenote_category":0,"_monsterinsights_skip_tracking":false,"_monsterinsights_sitenote_active":false,"_monsterinsights_sitenote_note":"","_monsterinsights_sitenote_category":0,"footnotes":""},"class_list":["post-1281","page","type-page","status-publish","hentry","no-post-thumbnail","entry"],"aioseo_notices":[],"_links":{"self":[{"href":"https:\/\/christianediting.com\/index.php?rest_route=\/wp\/v2\/pages\/1281","targetHints":{"allow":["GET"]}}],"collection":[{"href":"https:\/\/christianediting.com\/index.php?rest_route=\/wp\/v2\/pages"}],"about":[{"href":"https:\/\/christianediting.com\/index.php?rest_route=\/wp\/v2\/types\/page"}],"author":[{"embeddable":true,"href":"https:\/\/christianediting.com\/index.php?rest_route=\/wp\/v2\/users\/1"}],"replies":[{"embeddable":true,"href":"https:\/\/christianediting.com\/index.php?rest_route=%2Fwp%2Fv2%2Fcomments&post=1281"}],"version-history":[{"count":0,"href":"https:\/\/christianediting.com\/index.php?rest_route=\/wp\/v2\/pages\/1281\/revisions"}],"up":[{"embeddable":true,"href":"https:\/\/christianediting.com\/index.php?rest_route=\/wp\/v2\/pages\/104"}],"wp:attachment":[{"href":"https:\/\/christianediting.com\/index.php?rest_route=%2Fwp%2Fv2%2Fmedia&parent=1281"}],"curies":[{"name":"wp","href":"https:\/\/api.w.org\/{rel}","templated":true}]}}