{"id":2,"date":"2011-01-07T08:09:00","date_gmt":"2011-01-07T15:09:00","guid":{"rendered":"http:\/?page_id=2"},"modified":"2024-04-14T07:36:14","modified_gmt":"2024-04-14T11:36:14","slug":"about","status":"publish","type":"page","link":"https:\/\/christianediting.com\/?page_id=2","title":{"rendered":"QUI\u00c9NES SOMOS"},"content":{"rendered":"<p><img loading=\"lazy\" decoding=\"async\" class=\"alignleft size-full wp-image-1395\" src=\"https:\/\/christianediting.com\/wp-content\/uploads\/2012\/04\/Cristian-Editing-Publishing.jpg\" alt=\"Christian Editing Publishing House\" width=\"200\" height=\"111\" \/><\/p>\n<p>WELCOME HOME \/ BIENVENIDO A SU CASA EDITORIAL<\/p>\n<p><em><strong>Una Casa sobre la Roca.<\/strong><\/em><\/p>\n<p><strong>Christian Editing es una Casa Editorial que ofrece a ministerios y escritores cristianos\u00a0oportunidades de publicaci\u00f3n para sus proyectos con una alta calidad profesional.\u00a0<\/strong><\/p>\n<p>Trabajamos fundamentalmente para publicar con excelencia contenidos creados por autores y ministros de la iglesia evang\u00e9lica que ven en el libro una herramienta para edificar a los fieles de su entorno y tambi\u00e9n evangelizar al mundo con un mensaje de sana doctrina.<\/p>\n<p>Nuestra visi\u00f3n y modelo editorial nos dirigen fundamentalmente a colaborar con los autores y ministerios desde los inicios de sus proyectos hasta mucho despu\u00e9s que sus libros vean la luz.<\/p>\n<p><strong>Christian Editing<\/strong> se esfuerza para que sus publicaciones m\u00e1s\u00a0relevantes sean tomadas en cuenta por librer\u00edas, distribuidores y otras casas editoriales cristianas.<\/p>\n<p>Con el mismo\u00a0prop\u00f3sito, <strong>Christian Editing<\/strong> tambi\u00e9n ofrece programas de publicaci\u00f3n asistida y de publicaci\u00f3n regular para ministerios cristianos, asesor\u00eda para nuevos autores y otras estrategias encaminadas a hacer relevante el mensaje del evangelio de Jes\u00fas mediante la p\u00e1gina impresa y digital.<\/p>\n<p>Tambi\u00e9n publicamos una revista impresa y digital de orientaci\u00f3n para escritores<em>;<\/em>\u00a0impartimos estudios b\u00edblicos y organizamos\u00a0concursos y foros literarios.<img loading=\"lazy\" decoding=\"async\" class=\"alignright\" src=\"https:\/\/christianediting.com\/wp-content\/uploads\/2011\/01\/Quienes-somos.jpg\" width=\"431\" height=\"137\" \/><\/p>\n<p>Aunque somos una entidad no-denominacional, las ediciones de <strong>Christian Editing<\/strong> est\u00e1n sujetas a la aprobaci\u00f3n de su Consejo Editorial, el cual vela por la pertinencia, \u00e9tica, sana doctrina y valores cristianos de sus publicaciones.<\/p>\n<p>En <strong>Christian Editing<\/strong> estamos convencidos de que Dios interviene con su ayuda y nos usa para contribuir a levantar numerosos proyectos literarios y de difusi\u00f3n de su Palabra. Nuestra Casa Editorial se fundamenta sobre esa Roca, que es Cristo, porque:<\/p>\n<p><strong><em>Si Jehov\u00e1 no edificare la casa,<\/em><\/strong><br \/><strong> <em> en vano trabajan los que la edifican<\/em><\/strong> (Salmos 127.1).<\/p>\n<p>Usted puede comunicarse con nuestras oficinas en Miami, Florida, a trav\u00e9s del correo electr\u00f3nico <strong><em>Editorial@ChristianEditing.com<\/em><\/strong><\/p>\n<p>Si lo prefiere, puede hablarnos por el tel\u00e9fono (305) 807-3811, de lunes a viernes, de 9:00 a.m. a 5:00 p.m., hora del este de los Estados Unidos, donde uno de nuestros editores le atender\u00e1. <a href=\"https:\/\/christianediting.com\/?page_id=83\">CONTACTO<\/a><\/p>\n\n\n<figure class=\"wp-block-image size-large is-resized\"><img loading=\"lazy\" decoding=\"async\" width=\"701\" height=\"1024\" src=\"https:\/\/christianediting.com\/wp-content\/uploads\/2021\/10\/Escalera-al-Exito-copy-701x1024.jpg\" alt=\"\" class=\"wp-image-5097\" style=\"width:526px;height:768px\"\/><\/figure>\n\n\n\n<p><\/p>\n","protected":false},"excerpt":{"rendered":"<p>WELCOME HOME \/ BIENVENIDO A SU CASA EDITORIAL Una Casa sobre la Roca. Christian Editing es una Casa Editorial que ofrece a ministerios y escritores cristianos\u00a0oportunidades de publicaci\u00f3n para sus proyectos con una alta calidad profesional.\u00a0 Trabajamos fundamentalmente para publicar con excelencia contenidos creados por autores y ministros de la iglesia evang\u00e9lica que ven en&hellip;<\/p>\n","protected":false},"author":1,"featured_media":0,"parent":0,"menu_order":1,"comment_status":"open","ping_status":"open","template":"","meta":{"om_disable_all_campaigns":false,"_exactmetrics_skip_tracking":false,"_exactmetrics_sitenote_active":false,"_exactmetrics_sitenote_note":"","_exactmetrics_sitenote_category":0,"_monsterinsights_skip_tracking":false,"_monsterinsights_sitenote_active":false,"_monsterinsights_sitenote_note":"","_monsterinsights_sitenote_category":0,"footnotes":""},"class_list":["post-2","page","type-page","status-publish","hentry","no-post-thumbnail","entry"],"aioseo_notices":[],"_links":{"self":[{"href":"https:\/\/christianediting.com\/index.php?rest_route=\/wp\/v2\/pages\/2","targetHints":{"allow":["GET"]}}],"collection":[{"href":"https:\/\/christianediting.com\/index.php?rest_route=\/wp\/v2\/pages"}],"about":[{"href":"https:\/\/christianediting.com\/index.php?rest_route=\/wp\/v2\/types\/page"}],"author":[{"embeddable":true,"href":"https:\/\/christianediting.com\/index.php?rest_route=\/wp\/v2\/users\/1"}],"replies":[{"embeddable":true,"href":"https:\/\/christianediting.com\/index.php?rest_route=%2Fwp%2Fv2%2Fcomments&post=2"}],"version-history":[{"count":4,"href":"https:\/\/christianediting.com\/index.php?rest_route=\/wp\/v2\/pages\/2\/revisions"}],"predecessor-version":[{"id":5457,"href":"https:\/\/christianediting.com\/index.php?rest_route=\/wp\/v2\/pages\/2\/revisions\/5457"}],"wp:attachment":[{"href":"https:\/\/christianediting.com\/index.php?rest_route=%2Fwp%2Fv2%2Fmedia&parent=2"}],"curies":[{"name":"wp","href":"https:\/\/api.w.org\/{rel}","templated":true}]}}