{"id":3618,"date":"2016-09-12T13:40:58","date_gmt":"2016-09-12T17:40:58","guid":{"rendered":"https:\/\/christianediting.com\/?page_id=3618"},"modified":"2019-07-30T12:30:58","modified_gmt":"2019-07-30T16:30:58","slug":"christian-editing-la-revista","status":"publish","type":"page","link":"https:\/\/christianediting.com\/?page_id=3618","title":{"rendered":"REVISTAS"},"content":{"rendered":"<p><strong>REVISTA DIGITAL <em>BUENA LETRA<\/em> #1<\/strong><\/p>\n<p><img loading=\"lazy\" decoding=\"async\" class=\"wp-image-4595 size-medium alignleft\" src=\"https:\/\/christianediting.com\/wp-content\/uploads\/2019\/07\/BUENA-LETRA-1-227x300.jpg\" alt=\"\" width=\"227\" height=\"300\" \/><\/p>\n<p><a href=\"https:\/\/christianediting.com\/wp-content\/uploads\/REVISTAS\/BUENA%20LETRA%20DIGI\/index.html\" target=\"_blank\" rel=\"noopener noreferrer\"><img loading=\"lazy\" decoding=\"async\" class=\"wp-image-3638 size-full alignleft\" src=\"https:\/\/christianediting.com\/wp-content\/uploads\/2016\/09\/Button-Red.jpg\" alt=\"button-red\" width=\"120\" height=\"39\" \/><\/a><\/p>\n<p><a href=\"https:\/\/christianediting.com\/wp-content\/uploads\/REVISTAS\/BUENA%20LETRA%20DIGI\/BUENA%20LETRA%20PEQUE%C3%91A.pdf\" target=\"_blank\" rel=\"noopener noreferrer\"><img loading=\"lazy\" decoding=\"async\" class=\"wp-image-3637 size-full alignleft\" src=\"https:\/\/christianediting.com\/wp-content\/uploads\/2016\/09\/Button-BLUE.jpg\" alt=\"button-blue\" width=\"120\" height=\"39\" \/><\/a><\/p>\n<hr \/>\n<p style=\"text-align: left;\"><strong>Explore la versi\u00f3n digital de los nuevos n\u00fameros de <em>Christian Editing La Revista<\/em>. <\/strong><br \/>\n<strong>Un <em>magazine<\/em> de contenido interesante y did\u00e1ctico, dedicado a escritores y creadores cristianos en general. Destacados especialistas escriben acerca de diferentes \u00e1reas de la labor cristiana. <\/strong><\/p>\n<p style=\"text-align: left;\"><strong>REVISTA DIGITAL #1<\/strong><br \/>\n<img loading=\"lazy\" decoding=\"async\" class=\"size-medium wp-image-3624 alignleft\" src=\"https:\/\/christianediting.com\/wp-content\/uploads\/2016\/09\/PORTADA-revista-2015-EXPOLIT-226x300.jpg\" alt=\"portada-revista-2015-expolit\" width=\"226\" height=\"300\" srcset=\"https:\/\/christianediting.com\/wp-content\/uploads\/2016\/09\/PORTADA-revista-2015-EXPOLIT-226x300.jpg 226w, https:\/\/christianediting.com\/wp-content\/uploads\/2016\/09\/PORTADA-revista-2015-EXPOLIT-771x1024.jpg 771w, https:\/\/christianediting.com\/wp-content\/uploads\/2016\/09\/PORTADA-revista-2015-EXPOLIT.jpg 1630w\" sizes=\"auto, (max-width: 226px) 100vw, 226px\" \/><\/p>\n<p style=\"text-align: center;\"><a href=\"https:\/\/christianediting.com\/wp-content\/uploads\/REVISTAS\/REVISTA%201\/\" target=\"_blank\" rel=\"noopener noreferrer\"><img loading=\"lazy\" decoding=\"async\" class=\"wp-image-3638 size-full alignleft\" src=\"https:\/\/christianediting.com\/wp-content\/uploads\/2016\/09\/Button-Red.jpg\" alt=\"button-red\" width=\"120\" height=\"39\" \/><\/a><\/p>\n<p style=\"text-align: left;\"><a href=\"https:\/\/christianediting.com\/wp-content\/uploads\/REVISTAS\/REVISTA%201\/ChristianEditingLAREVISTA%2c%20digital.pdf\" target=\"_blank\" rel=\"noopener noreferrer\"><img loading=\"lazy\" decoding=\"async\" class=\"wp-image-3637 size-full alignleft\" src=\"https:\/\/christianediting.com\/wp-content\/uploads\/2016\/09\/Button-BLUE.jpg\" alt=\"button-blue\" width=\"120\" height=\"39\" \/><\/a><\/p>\n<hr \/>\n<p><strong>REVISTA DIGITAL #2<\/strong><br \/>\n<img loading=\"lazy\" decoding=\"async\" class=\"size-medium wp-image-3625 alignleft\" src=\"https:\/\/christianediting.com\/wp-content\/uploads\/2016\/09\/PORTADA-revista-2016-EXPOLIT-226x300.jpg\" alt=\"portada-revista-2016-expolit\" width=\"226\" height=\"300\" srcset=\"https:\/\/christianediting.com\/wp-content\/uploads\/2016\/09\/PORTADA-revista-2016-EXPOLIT-226x300.jpg 226w, https:\/\/christianediting.com\/wp-content\/uploads\/2016\/09\/PORTADA-revista-2016-EXPOLIT-771x1024.jpg 771w\" sizes=\"auto, (max-width: 226px) 100vw, 226px\" \/><\/p>\n<p style=\"text-align: center;\"><a href=\"https:\/\/christianediting.com\/wp-content\/uploads\/REVISTAS\/REVISTA%202\/\" target=\"_blank\" rel=\"noopener noreferrer\"><img loading=\"lazy\" decoding=\"async\" class=\"wp-image-3638 size-full alignleft\" src=\"https:\/\/christianediting.com\/wp-content\/uploads\/2016\/09\/Button-Red.jpg\" alt=\"button-red\" width=\"120\" height=\"39\" \/><\/a><\/p>\n<p style=\"text-align: center;\"><a href=\"https:\/\/christianediting.com\/wp-content\/uploads\/REVISTAS\/REVISTA%202\/CE%20la%20revista%202016.pdf\" target=\"_blank\" rel=\"noopener noreferrer\"><img loading=\"lazy\" decoding=\"async\" class=\"wp-image-3637 size-full alignleft\" title=\"ftp:\/\/christia@christianediting.com\/public_html\/wp-content\/uploads\/REVISTAS\/REVISTA%202\/CE%20la%20revista%202016.pdf\" src=\"https:\/\/christianediting.com\/wp-content\/uploads\/2016\/09\/Button-BLUE.jpg\" alt=\"button-blue\" width=\"120\" height=\"39\" \/><\/a><\/p>\n<p><img decoding=\"async\" src=\"http:\/\/\" alt=\"\" \/><\/p>\n","protected":false},"excerpt":{"rendered":"<p>REVISTA DIGITAL BUENA LETRA #1 Explore la versi\u00f3n digital de los nuevos n\u00fameros de Christian Editing La Revista. Un magazine de contenido interesante y did\u00e1ctico, dedicado a escritores y creadores cristianos en general. Destacados especialistas escriben acerca de diferentes \u00e1reas de la labor cristiana. REVISTA DIGITAL #1 REVISTA DIGITAL #2<\/p>\n","protected":false},"author":1,"featured_media":0,"parent":0,"menu_order":0,"comment_status":"closed","ping_status":"closed","template":"","meta":{"om_disable_all_campaigns":false,"_exactmetrics_skip_tracking":false,"_exactmetrics_sitenote_active":false,"_exactmetrics_sitenote_note":"","_exactmetrics_sitenote_category":0,"_monsterinsights_skip_tracking":false,"_monsterinsights_sitenote_active":false,"_monsterinsights_sitenote_note":"","_monsterinsights_sitenote_category":0,"footnotes":""},"class_list":["post-3618","page","type-page","status-publish","hentry","no-post-thumbnail","entry"],"aioseo_notices":[],"_links":{"self":[{"href":"https:\/\/christianediting.com\/index.php?rest_route=\/wp\/v2\/pages\/3618","targetHints":{"allow":["GET"]}}],"collection":[{"href":"https:\/\/christianediting.com\/index.php?rest_route=\/wp\/v2\/pages"}],"about":[{"href":"https:\/\/christianediting.com\/index.php?rest_route=\/wp\/v2\/types\/page"}],"author":[{"embeddable":true,"href":"https:\/\/christianediting.com\/index.php?rest_route=\/wp\/v2\/users\/1"}],"replies":[{"embeddable":true,"href":"https:\/\/christianediting.com\/index.php?rest_route=%2Fwp%2Fv2%2Fcomments&post=3618"}],"version-history":[{"count":0,"href":"https:\/\/christianediting.com\/index.php?rest_route=\/wp\/v2\/pages\/3618\/revisions"}],"wp:attachment":[{"href":"https:\/\/christianediting.com\/index.php?rest_route=%2Fwp%2Fv2%2Fmedia&parent=3618"}],"curies":[{"name":"wp","href":"https:\/\/api.w.org\/{rel}","templated":true}]}}