{"id":38,"date":"2011-01-08T16:30:39","date_gmt":"2011-01-08T21:30:39","guid":{"rendered":"https:\/\/christianediting.com\/?page_id=38"},"modified":"2020-01-21T18:07:51","modified_gmt":"2020-01-21T23:07:51","slug":"sala-de-prensa","status":"publish","type":"page","link":"https:\/\/christianediting.com\/?page_id=38","title":{"rendered":"Servicios de Publicaci\u00f3n"},"content":{"rendered":"<p><strong><a href=\"https:\/\/christianediting.com\/wp-content\/uploads\/2011\/01\/libros.jpg\"><img loading=\"lazy\" decoding=\"async\" class=\"alignleft size-full wp-image-187\" title=\"Libros\" src=\"https:\/\/christianediting.com\/wp-content\/uploads\/2011\/01\/libros.jpg\" alt=\"\" width=\"225\" height=\"251\" \/><\/a>Publique su libro o el de su ministerio bajo nuestro prestigioso sello editorial.<\/strong><\/p>\n<p>Publique el contenido correcto, en la forma m\u00e1s atractiva y profesional, en cantidades apropiadas, cuando lo necesite y donde lo necesite. Obtenga el 100% o la mayor parte de las utilidades.<\/p>\n<p>Lo tradicional con lo innovador de la tecnolog\u00eda moderna. Aproveche tambi\u00e9n los canales de ventas del libro digital (ebook).<\/p>\n<p><strong>Christian Editing<\/strong> es hoy la m\u00e1s eficiente alternativa de la industria editorial cristiana en espa\u00f1ol para nuevos autores y ministerios en desarrollo.<\/p>\n<p>Con 20 a\u00f1os de experiencia profesional, <strong>Christian Editing<\/strong> puede caminar junto a usted todos los pasos del proceso editorial, desde la edici\u00f3n del texto inicial, hasta el dise\u00f1o, la impresi\u00f3n y la distribuci\u00f3n de sus libros a los lugares convenientes. Adem\u00e1s, con gestiones de mercadeo y ventas ante libreros y distribuidores de\u00a0Hispanoam\u00e9rica\u00a0y Estados Unidos.<\/p>\n<p><strong>Producci\u00f3n<\/strong><br \/>\nEscoger el formato adecuado para su libro depende del tipo de contenido y el p\u00fablico al que est\u00e1 dirigido. Adem\u00e1s de los formatos y tiradas tradicionales en <em>offset<\/em>, ofrecemos soluciones digitales y producciones POD para ediciones cortas, limitadas o destinadas a pruebas iniciales de mercado.<br \/>\nSea usted el representante de un ministerio evangelista, un novelista o un autor de ensayos, <strong>Christian Editing<\/strong> puede proveerle el formato<a href=\"https:\/\/christianediting.com\/wp-content\/uploads\/2011\/01\/profesionales.jpg\"><img loading=\"lazy\" decoding=\"async\" class=\"size-full wp-image-194 alignleft\" title=\"Profesionales\" src=\"https:\/\/christianediting.com\/wp-content\/uploads\/2011\/01\/profesionales.jpg\" alt=\"\" width=\"250\" height=\"194\" \/><\/a> conveniente para su mercado. En cualquier formato y presentaci\u00f3n, la alta calidad de los libros impresos por <strong>Christian Editing<\/strong> es altamente apreciada.<\/p>\n<p><strong>Contenido<\/strong><br \/>\nNuestros editores son especialistas en textos de inspiraci\u00f3n cristiana, donde son cuidadosos con las doctrinas b\u00edblicas, la versi\u00f3n espec\u00edfica de las Escrituras, el vocabulario, las im\u00e1genes, los s\u00edmbolos, la fraseolog\u00eda y otros recursos ling\u00fc\u00edsticos y estil\u00edsticos necesarios para que el mensaje llegue al p\u00fablico al que fue destinado.<\/p>\n<p><strong><a href=\"https:\/\/christianediting.com\/wp-content\/uploads\/2011\/01\/Delivers.jpg\"><img loading=\"lazy\" decoding=\"async\" class=\"alignleft size-full wp-image-182\" title=\"Distribuci\u00f3n\" src=\"https:\/\/christianediting.com\/wp-content\/uploads\/2011\/01\/Delivers.jpg\" alt=\"\" width=\"169\" height=\"217\" \/><\/a>Distribuci\u00f3n<\/strong><br \/>\nComo servicios complementarios, le hacemos llegar su lote de libros a los diferentes destinos nacionales o internacionales que elija, incluyendo pedidos mayoristas, almacenaje, manejo y empaque. Tenga en cuenta que nosotros tambi\u00e9n someteremos su libro a la consideraci\u00f3n de decenas de libreros y distribuidores de literatura cristiana.<\/p>\n<p><a href=\"https:\/\/christianediting.com\/?page_id=175\">\u2022 Programas de Publicaci\u00f3n<br \/>\n<\/a> <a href=\"https:\/\/christianediting.com\/?page_id=75\">\u2022 Cantidades y Precios<br \/>\n<\/a> <a href=\"https:\/\/christianediting.com\/?page_id=77\">\u2022 Ejemplos de Dise\u00f1o<br \/>\n<\/a><\/p>\n","protected":false},"excerpt":{"rendered":"<p>Publique su libro o el de su ministerio bajo nuestro prestigioso sello editorial. Publique el contenido correcto, en la forma m\u00e1s atractiva y profesional, en cantidades apropiadas, cuando lo necesite y donde lo necesite. Obtenga el 100% o la mayor parte de las utilidades. Lo tradicional con lo innovador de la tecnolog\u00eda moderna. Aproveche tambi\u00e9n&hellip;<\/p>\n","protected":false},"author":1,"featured_media":0,"parent":17,"menu_order":2,"comment_status":"open","ping_status":"open","template":"","meta":{"om_disable_all_campaigns":false,"_exactmetrics_skip_tracking":false,"_exactmetrics_sitenote_active":false,"_exactmetrics_sitenote_note":"","_exactmetrics_sitenote_category":0,"_monsterinsights_skip_tracking":false,"_monsterinsights_sitenote_active":false,"_monsterinsights_sitenote_note":"","_monsterinsights_sitenote_category":0,"footnotes":""},"class_list":["post-38","page","type-page","status-publish","hentry","no-post-thumbnail","entry"],"aioseo_notices":[],"_links":{"self":[{"href":"https:\/\/christianediting.com\/index.php?rest_route=\/wp\/v2\/pages\/38","targetHints":{"allow":["GET"]}}],"collection":[{"href":"https:\/\/christianediting.com\/index.php?rest_route=\/wp\/v2\/pages"}],"about":[{"href":"https:\/\/christianediting.com\/index.php?rest_route=\/wp\/v2\/types\/page"}],"author":[{"embeddable":true,"href":"https:\/\/christianediting.com\/index.php?rest_route=\/wp\/v2\/users\/1"}],"replies":[{"embeddable":true,"href":"https:\/\/christianediting.com\/index.php?rest_route=%2Fwp%2Fv2%2Fcomments&post=38"}],"version-history":[{"count":0,"href":"https:\/\/christianediting.com\/index.php?rest_route=\/wp\/v2\/pages\/38\/revisions"}],"up":[{"embeddable":true,"href":"https:\/\/christianediting.com\/index.php?rest_route=\/wp\/v2\/pages\/17"}],"wp:attachment":[{"href":"https:\/\/christianediting.com\/index.php?rest_route=%2Fwp%2Fv2%2Fmedia&parent=38"}],"curies":[{"name":"wp","href":"https:\/\/api.w.org\/{rel}","templated":true}]}}