{"id":3990,"date":"2017-07-22T10:43:01","date_gmt":"2017-07-22T14:43:01","guid":{"rendered":"https:\/\/christianediting.com\/?page_id=3990"},"modified":"2021-10-01T13:33:14","modified_gmt":"2021-10-01T17:33:14","slug":"catalogo","status":"publish","type":"page","link":"https:\/\/christianediting.com\/?page_id=3990","title":{"rendered":"CAT\u00c1LOGO"},"content":{"rendered":"<p style=\"text-align: center;\"><strong>Vea un cat\u00e1logo de nuestras novedades editoriales.<\/strong><br \/><strong> Los distribuidores de libros cristianos, las librer\u00edas y otros interesados encontrar\u00e1n aqu\u00ed los temas m\u00e1s apremiantes de la iglesia cristiana en el mundo de habla hispana, dictados por sus propios protagonistas.<\/strong><br \/><strong> Destacados autores y ministros de diferentes latitudes han tocado a nuestra puerta con extraordinarios manuscritos. Les hemos dicho&#8230; \u00a1Bienvenido a Casa!<\/strong><\/p>\n<p><img loading=\"lazy\" decoding=\"async\" class=\"alignleft wp-image-5076 size-medium\" src=\"https:\/\/christianediting.com\/wp-content\/uploads\/2021\/09\/Portada-2021-199x300.jpg\" alt=\"\" width=\"199\" height=\"300\" srcset=\"https:\/\/christianediting.com\/wp-content\/uploads\/2021\/09\/Portada-2021-199x300.jpg 199w, https:\/\/christianediting.com\/wp-content\/uploads\/2021\/09\/Portada-2021-150x225.jpg 150w, https:\/\/christianediting.com\/wp-content\/uploads\/2021\/09\/Portada-2021.jpg 500w\" sizes=\"auto, (max-width: 199px) 100vw, 199px\" \/><\/p>\n<p>\u00a0<\/p>\n<p style=\"text-align: center;\"><a href=\"https:\/\/christianediting.com\/wp-content\/uploads\/CATALOGO DIGITAL\/CATALOGO%20DIGITAL\/index.html\" target=\"_blank\" rel=\"noopener noreferrer\"><img loading=\"lazy\" decoding=\"async\" class=\"alignleft wp-image-3638 size-full\" src=\"https:\/\/christianediting.com\/wp-content\/uploads\/2016\/09\/Button-Red.jpg\" alt=\"button-red\" width=\"120\" height=\"39\" \/><\/a><\/p>\n<p style=\"text-align: left;\"><a href=\"https:\/\/christianediting.com\/wp-content\/uploads\/CATALOGO%20DIGITAL\/CATALOGO%202021.pdf\" target=\"_blank\" rel=\"noopener noreferrer\"><img loading=\"lazy\" decoding=\"async\" class=\"alignleft wp-image-3637 size-full\" src=\"https:\/\/christianediting.com\/wp-content\/uploads\/2016\/09\/Button-BLUE.jpg\" alt=\"button-blue\" width=\"120\" height=\"39\" \/><\/a><\/p>\n<p>\u00a0<\/p>\n\n\n<p><\/p>\n","protected":false},"excerpt":{"rendered":"<p>Vea un cat\u00e1logo de nuestras novedades editoriales. Los distribuidores de libros cristianos, las librer\u00edas y otros interesados encontrar\u00e1n aqu\u00ed los temas m\u00e1s apremiantes de la iglesia cristiana en el mundo de habla hispana, dictados por sus propios protagonistas. Destacados autores y ministros de diferentes latitudes han tocado a nuestra puerta con extraordinarios manuscritos. Les hemos&hellip;<\/p>\n","protected":false},"author":1,"featured_media":0,"parent":0,"menu_order":0,"comment_status":"closed","ping_status":"closed","template":"","meta":{"om_disable_all_campaigns":false,"_exactmetrics_skip_tracking":false,"_exactmetrics_sitenote_active":false,"_exactmetrics_sitenote_note":"","_exactmetrics_sitenote_category":0,"_monsterinsights_skip_tracking":false,"_monsterinsights_sitenote_active":false,"_monsterinsights_sitenote_note":"","_monsterinsights_sitenote_category":0,"footnotes":""},"class_list":["post-3990","page","type-page","status-publish","hentry","no-post-thumbnail","entry"],"aioseo_notices":[],"_links":{"self":[{"href":"https:\/\/christianediting.com\/index.php?rest_route=\/wp\/v2\/pages\/3990","targetHints":{"allow":["GET"]}}],"collection":[{"href":"https:\/\/christianediting.com\/index.php?rest_route=\/wp\/v2\/pages"}],"about":[{"href":"https:\/\/christianediting.com\/index.php?rest_route=\/wp\/v2\/types\/page"}],"author":[{"embeddable":true,"href":"https:\/\/christianediting.com\/index.php?rest_route=\/wp\/v2\/users\/1"}],"replies":[{"embeddable":true,"href":"https:\/\/christianediting.com\/index.php?rest_route=%2Fwp%2Fv2%2Fcomments&post=3990"}],"version-history":[{"count":8,"href":"https:\/\/christianediting.com\/index.php?rest_route=\/wp\/v2\/pages\/3990\/revisions"}],"predecessor-version":[{"id":5093,"href":"https:\/\/christianediting.com\/index.php?rest_route=\/wp\/v2\/pages\/3990\/revisions\/5093"}],"wp:attachment":[{"href":"https:\/\/christianediting.com\/index.php?rest_route=%2Fwp%2Fv2%2Fmedia&parent=3990"}],"curies":[{"name":"wp","href":"https:\/\/api.w.org\/{rel}","templated":true}]}}