{"id":83,"date":"2011-01-08T17:33:46","date_gmt":"2011-01-08T22:33:46","guid":{"rendered":"https:\/\/christianediting.com\/?page_id=83"},"modified":"2023-05-20T09:02:54","modified_gmt":"2023-05-20T13:02:54","slug":"contacto-4","status":"publish","type":"page","link":"https:\/\/christianediting.com\/?page_id=83","title":{"rendered":"CONTACTO"},"content":{"rendered":"<p><img loading=\"lazy\" decoding=\"async\" class=\"alignleft size-full wp-image-3219\" src=\"https:\/\/christianediting.com\/wp-content\/uploads\/2016\/04\/Christian-Editing.jpg\" alt=\"Christian Editing\" width=\"250\" height=\"125\" \/><\/p>\n<p><strong>SOMOS SU MEJOR ALTERNATIVA EDITORIAL<\/strong>.<br \/><strong>Christian Editing<\/strong><br \/>Direcci\u00f3n Postal:<br \/><em id=\"__mceDel\"><strong>16144 SW 112 Terrace<\/strong><br \/><strong> Miami, FL 33196<\/strong><\/em><\/p>\n<p><strong>Tel\u00e9fono: (305) 807-3811<\/strong><\/p>\n<p><em><strong>Una Casa sobre la Roca.<\/strong><\/em><br \/><em>Si Jehov\u00e1 no edificare la casa,<br \/>en vano trabajan los que la edifican<\/em> (Salmo 127.1).<\/p>\n<p>Informaci\u00f3n general: <a href=\"mailto:Info@ChristianEditing.com\">Info@ChristianEditing.com<\/a><br \/>Editorial: <a href=\"mailto:Editorial@ChristianEditing.com\">Editorial@ChristianEditing.com<\/a><br \/>Ventas: <a href=\"mailto:Ventas@ChristianEditing.com\">Ventas@ChristianEditing.com<\/a><br \/><br \/><\/p>\n\n\n<figure class=\"wp-block-image size-large\"><img loading=\"lazy\" decoding=\"async\" width=\"701\" height=\"1024\" src=\"https:\/\/christianediting.com\/wp-content\/uploads\/2021\/10\/Escalera-al-Exito-copy-701x1024.jpg\" alt=\"\" class=\"wp-image-5097\"\/><\/figure>\n","protected":false},"excerpt":{"rendered":"<p>SOMOS SU MEJOR ALTERNATIVA EDITORIAL.Christian EditingDirecci\u00f3n Postal:16144 SW 112 Terrace Miami, FL 33196 Tel\u00e9fono: (305) 807-3811 Una Casa sobre la Roca.Si Jehov\u00e1 no edificare la casa,en vano trabajan los que la edifican (Salmo 127.1). Informaci\u00f3n general: Info@ChristianEditing.comEditorial: Editorial@ChristianEditing.comVentas: Ventas@ChristianEditing.com<\/p>\n","protected":false},"author":1,"featured_media":0,"parent":0,"menu_order":0,"comment_status":"open","ping_status":"open","template":"","meta":{"om_disable_all_campaigns":false,"_exactmetrics_skip_tracking":false,"_exactmetrics_sitenote_active":false,"_exactmetrics_sitenote_note":"","_exactmetrics_sitenote_category":0,"_monsterinsights_skip_tracking":false,"_monsterinsights_sitenote_active":false,"_monsterinsights_sitenote_note":"","_monsterinsights_sitenote_category":0,"footnotes":""},"class_list":["post-83","page","type-page","status-publish","hentry","no-post-thumbnail","entry"],"aioseo_notices":[],"_links":{"self":[{"href":"https:\/\/christianediting.com\/index.php?rest_route=\/wp\/v2\/pages\/83","targetHints":{"allow":["GET"]}}],"collection":[{"href":"https:\/\/christianediting.com\/index.php?rest_route=\/wp\/v2\/pages"}],"about":[{"href":"https:\/\/christianediting.com\/index.php?rest_route=\/wp\/v2\/types\/page"}],"author":[{"embeddable":true,"href":"https:\/\/christianediting.com\/index.php?rest_route=\/wp\/v2\/users\/1"}],"replies":[{"embeddable":true,"href":"https:\/\/christianediting.com\/index.php?rest_route=%2Fwp%2Fv2%2Fcomments&post=83"}],"version-history":[{"count":4,"href":"https:\/\/christianediting.com\/index.php?rest_route=\/wp\/v2\/pages\/83\/revisions"}],"predecessor-version":[{"id":5328,"href":"https:\/\/christianediting.com\/index.php?rest_route=\/wp\/v2\/pages\/83\/revisions\/5328"}],"wp:attachment":[{"href":"https:\/\/christianediting.com\/index.php?rest_route=%2Fwp%2Fv2%2Fmedia&parent=83"}],"curies":[{"name":"wp","href":"https:\/\/api.w.org\/{rel}","templated":true}]}}